{"id":16,"date":"2020-07-14T10:36:50","date_gmt":"2020-07-14T10:36:50","guid":{"rendered":"https:\/\/udruga-hera.infoevents\/"},"modified":"2025-12-04T09:09:07","modified_gmt":"2025-12-04T09:09:07","slug":"events","status":"publish","type":"page","link":"https:\/\/udruga-hera.info\/?page_id=16","title":{"rendered":"Vijesti"},"content":{"rendered":"\t\t<div data-elementor-type=\"wp-page\" data-elementor-id=\"16\" class=\"elementor elementor-16\">\n\t\t\t\t\t\t<section class=\"ob-is-breaking-bad elementor-section elementor-top-section elementor-element elementor-element-d366c6f elementor-section-boxed elementor-section-height-default elementor-section-height-default\" data-id=\"d366c6f\" data-element_type=\"section\" data-e-type=\"section\" data-settings=\"{&quot;background_background&quot;:&quot;classic&quot;,&quot;_ob_bbad_use_it&quot;:&quot;yes&quot;,&quot;_ob_bbad_sssic_use&quot;:&quot;no&quot;,&quot;_ob_glider_is_slider&quot;:&quot;no&quot;}\">\n\t\t\t\t\t\t\t<div class=\"elementor-background-overlay\"><\/div>\n\t\t\t\t\t\t\t<div class=\"elementor-container elementor-column-gap-default\">\n\t\t\t\t\t<div class=\"elementor-column elementor-col-100 elementor-top-column elementor-element elementor-element-2d76de7\" data-id=\"2d76de7\" data-element_type=\"column\" data-e-type=\"column\" data-settings=\"{&quot;_ob_bbad_is_stalker&quot;:&quot;no&quot;,&quot;_ob_teleporter_use&quot;:false,&quot;_ob_column_hoveranimator&quot;:&quot;no&quot;,&quot;_ob_column_has_pseudo&quot;:&quot;no&quot;}\">\n\t\t\t<div class=\"elementor-widget-wrap elementor-element-populated\">\n\t\t\t\t\t\t<div class=\"elementor-element elementor-element-9a5785e ob-harakiri-inherit ob-has-background-overlay elementor-widget elementor-widget-heading\" data-id=\"9a5785e\" data-element_type=\"widget\" data-e-type=\"widget\" data-settings=\"{&quot;_ob_use_harakiri&quot;:&quot;yes&quot;,&quot;_ob_harakiri_writing_mode&quot;:&quot;inherit&quot;,&quot;_ob_harakiri_text_clip&quot;:&quot;none&quot;,&quot;_ob_perspektive_use&quot;:&quot;no&quot;,&quot;_ob_poopart_use&quot;:&quot;yes&quot;,&quot;_ob_shadough_use&quot;:&quot;no&quot;,&quot;_ob_allow_hoveranimator&quot;:&quot;no&quot;,&quot;_ob_widget_stalker_use&quot;:&quot;no&quot;}\" data-widget_type=\"heading.default\">\n\t\t\t\t<div class=\"elementor-widget-container\">\n\t\t\t\t\t<h6 class=\"elementor-heading-title elementor-size-default\">Pro\u010ditajte na\u0161e najnovije<\/h6>\t\t\t\t<\/div>\n\t\t\t\t<\/div>\n\t\t\t\t<div class=\"elementor-element elementor-element-5e86cbd ob-harakiri-inherit ob-has-background-overlay elementor-widget elementor-widget-heading\" data-id=\"5e86cbd\" data-element_type=\"widget\" data-e-type=\"widget\" data-settings=\"{&quot;_ob_use_harakiri&quot;:&quot;yes&quot;,&quot;_ob_harakiri_writing_mode&quot;:&quot;inherit&quot;,&quot;_ob_harakiri_text_clip&quot;:&quot;none&quot;,&quot;_ob_perspektive_use&quot;:&quot;no&quot;,&quot;_ob_poopart_use&quot;:&quot;yes&quot;,&quot;_ob_shadough_use&quot;:&quot;no&quot;,&quot;_ob_allow_hoveranimator&quot;:&quot;no&quot;,&quot;_ob_widget_stalker_use&quot;:&quot;no&quot;}\" data-widget_type=\"heading.default\">\n\t\t\t\t<div class=\"elementor-widget-container\">\n\t\t\t\t\t<h1 class=\"elementor-heading-title elementor-size-default\">VIJESTI<\/h1>\t\t\t\t<\/div>\n\t\t\t\t<\/div>\n\t\t\t\t\t<\/div>\n\t\t<\/div>\n\t\t\t\t\t<\/div>\n\t\t<\/section>\n\t\t\t\t<section class=\"ob-is-breaking-bad elementor-section elementor-top-section elementor-element elementor-element-a14396e elementor-section-boxed elementor-section-height-default elementor-section-height-default\" data-id=\"a14396e\" data-element_type=\"section\" data-e-type=\"section\" data-settings=\"{&quot;background_background&quot;:&quot;classic&quot;,&quot;_ob_bbad_use_it&quot;:&quot;yes&quot;,&quot;_ob_bbad_sssic_use&quot;:&quot;no&quot;,&quot;_ob_glider_is_slider&quot;:&quot;no&quot;}\">\n\t\t\t\t\t\t\t<div class=\"elementor-background-overlay\"><\/div>\n\t\t\t\t\t\t\t<div class=\"elementor-container elementor-column-gap-no\">\n\t\t\t\t\t<div class=\"elementor-column elementor-col-100 elementor-top-column elementor-element elementor-element-f203a60\" data-id=\"f203a60\" data-element_type=\"column\" data-e-type=\"column\" data-settings=\"{&quot;_ob_bbad_is_stalker&quot;:&quot;no&quot;,&quot;_ob_teleporter_use&quot;:false,&quot;_ob_column_hoveranimator&quot;:&quot;no&quot;,&quot;_ob_column_has_pseudo&quot;:&quot;no&quot;}\">\n\t\t\t<div class=\"elementor-widget-wrap elementor-element-populated\">\n\t\t\t\t\t\t<div class=\"elementor-element elementor-element-82f0743 elementor-grid-eael-col-1 elementor-grid-tablet-eael-col-2 elementor-grid-mobile-eael-col-1 ob-has-background-overlay elementor-widget elementor-widget-eael-post-grid\" data-id=\"82f0743\" data-element_type=\"widget\" data-e-type=\"widget\" data-settings=\"{&quot;eael_post_grid_columns&quot;:&quot;eael-col-1&quot;,&quot;eael_post_grid_columns_tablet&quot;:&quot;eael-col-2&quot;,&quot;eael_post_grid_columns_mobile&quot;:&quot;eael-col-1&quot;,&quot;_ob_perspektive_use&quot;:&quot;no&quot;,&quot;_ob_poopart_use&quot;:&quot;yes&quot;,&quot;_ob_shadough_use&quot;:&quot;no&quot;,&quot;_ob_allow_hoveranimator&quot;:&quot;no&quot;,&quot;_ob_widget_stalker_use&quot;:&quot;no&quot;}\" data-widget_type=\"eael-post-grid.default\">\n\t\t\t\t<div class=\"elementor-widget-container\">\n\t\t\t\t\t<div id=\"eael-post-grid-82f0743\" class=\"eael-post-grid-container\">\n            <div class=\"eael-post-grid eael-post-appender eael-post-appender-82f0743 eael-post-grid-style-two\" data-layout-mode=\"grid\"><article class=\"eael-grid-post  eael-post-grid-column eael-pg-post-2696 category-vijesti\" data-id=\"2696\">\n    <div class=\"eael-grid-post-holder\">\n        <div class=\"eael-grid-post-holder-inner\"><div class=\"eael-entry-wrapper\"><header class=\"eael-entry-header\"><h2 class=\"eael-entry-title\"><a class=\"eael-grid-post-link\" href=\"https:\/\/udruga-hera.info\/?p=2696\" title=\"Udruga HERA Kri\u017eevci sudjelovala na 70. sjednici Komisije Ujedinjenih naroda o statusu \u017eena u New Yorku\">Udruga HERA Kri\u017eevci sudjelovala na 70. sjednici Komisije Ujedinjenih naroda o statusu \u017eena u New Yorku<\/a><\/h2><\/header><div class=\"eael-entry-content\">\n                                <div class=\"eael-grid-post-excerpt\"><p>Vijesti Udruga HERA Kri\u017eevci sudjelovala na 70. sjednici Komisije Ujedinjenih...<\/p><a href=\"https:\/\/udruga-hera.info\/?p=2696\" class=\"eael-post-elements-readmore-btn\">Pro\u010ditajte \u010dlanak<\/a><\/div>\n                            <\/div><div class=\"eael-entry-header-after style-two\"><div class=\"eael-entry-meta\"><span class=\"eael-meta-posted-on\"><i class=\"far fa-clock\"><\/i><time datetime=\"20 o\u017eujka, 2026\">20 o\u017eujka, 2026<\/time><\/span><\/div><\/div><\/div><\/div>\n    <\/div>\n<\/article><article class=\"eael-grid-post  eael-post-grid-column eael-pg-post-2678 category-vijesti\" data-id=\"2678\">\n    <div class=\"eael-grid-post-holder\">\n        <div class=\"eael-grid-post-holder-inner\"><div class=\"eael-entry-wrapper\"><header class=\"eael-entry-header\"><h2 class=\"eael-entry-title\"><a class=\"eael-grid-post-link\" href=\"https:\/\/udruga-hera.info\/?p=2678\" title=\"Odr\u017eano predavanje Izvaninstitucionalni sustav podr\u0161ke za \u017ertve nasilja u obitelji\">Odr\u017eano predavanje Izvaninstitucionalni sustav podr\u0161ke za \u017ertve nasilja u obitelji<\/a><\/h2><\/header><div class=\"eael-entry-content\">\n                                <div class=\"eael-grid-post-excerpt\"><p>Vijesti Odr\u017eano predavanje Izvaninstitucionalni sustav podr\u0161ke za \u017ertve nasilja u...<\/p><a href=\"https:\/\/udruga-hera.info\/?p=2678\" class=\"eael-post-elements-readmore-btn\">Pro\u010ditajte \u010dlanak<\/a><\/div>\n                            <\/div><div class=\"eael-entry-header-after style-two\"><div class=\"eael-entry-meta\"><span class=\"eael-meta-posted-on\"><i class=\"far fa-clock\"><\/i><time datetime=\"27 velja\u010de, 2026\">27 velja\u010de, 2026<\/time><\/span><\/div><\/div><\/div><\/div>\n    <\/div>\n<\/article><article class=\"eael-grid-post  eael-post-grid-column eael-pg-post-2677 category-vijesti\" data-id=\"2677\">\n    <div class=\"eael-grid-post-holder\">\n        <div class=\"eael-grid-post-holder-inner\"><div class=\"eael-entry-wrapper\"><header class=\"eael-entry-header\"><h2 class=\"eael-entry-title\"><a class=\"eael-grid-post-link\" href=\"https:\/\/udruga-hera.info\/?p=2677\" title=\"Odr\u017eana\u00a0dvodnevna\u00a0edukacija\u00a0vr\u0161nja\u010dkih\u00a0edukatora\u00a0u\u00a0sklopu\u00a0projekta\u00a0Za\u00a0veze\u00a0BEZ\u00a0NASILJA!\">Odr\u017eana\u00a0dvodnevna\u00a0edukacija\u00a0vr\u0161nja\u010dkih\u00a0edukatora\u00a0u\u00a0sklopu\u00a0projekta\u00a0Za\u00a0veze\u00a0BEZ\u00a0NASILJA!<\/a><\/h2><\/header><div class=\"eael-entry-content\">\n                                <div class=\"eael-grid-post-excerpt\"><p>Vijesti Odr\u017eana\u00a0dvodnevna\u00a0edukacija\u00a0vr\u0161nja\u010dkih\u00a0edukatora\u00a0u\u00a0sklopu\u00a0projekta\u00a0Za\u00a0veze\u00a0BEZ\u00a0NASILJA! Dana\u00a024\u00a0i\u00a025.2.2026.\u00a0u\u00a0prostoru\u00a0Doma\u00a0mladih\u00a0u\u00a0Koprivnici odr\u017eana\u00a0je\u00a0dvodnevna\u00a0edukacija\u00a0vr\u0161nja\u010dkih\u00a0edukatora\u00a0s\u00a0ciljem\u00a0stjecanja\u00a0znanja\u00a0i\u00a0vje\u0161tina\u00a0te\u00a0prijenosa\u00a0informacija\u00a0koje\u00a0su\u00a0usmjerene\u00a0na\u00a0rje\u0161avanje\u00a0nekih\u00a0stvarnih\u00a0problema\u00a0s\u00a0kojima\u00a0se\u00a0mladi\u00a0svakodnevno\u00a0susre\u0107u.U\u00a0edukaciji\u00a0je\u00a0sudjelovalo\u00a012\u00a0u\u010denika\/ca\u00a0Srednje\u00a0\u0161kole\u00a0Koprivnica.\u00a0Edukacija\u00a0je\u00a0bila\u00a0usmjerena\u00a0na\u00a0prevenciju\u00a0nasilja\u00a0u\u00a0partnerskim\u00a0vezama\u00a0me\u0111u\u00a0mladima,\u00a0nasilja\u00a0u\u00a0obitelji,\u00a0prepoznavanje\u00a0nasilni\u010dkih\u00a0veza,\u00a0mitovi\u00a0i\u00a0\u010dinjenice\u00a0o\u00a0nasilju,\u00a0pona\u0161anja\u00a0nasilnika\u00a0i\u00a0\u017ertve,\u00a0postavljanja\u00a0granica,\u00a0utvr\u0111ivanje\u00a0prava\u00a0u\u00a0vezi,\u00a0kako\u00a0se\u00a0pripremiti\u00a0za\u00a0vezu,\u00a0\u0161to\u00a0su\u00a0dobre\u00a0i\u00a0lo\u0161e\u00a0veze\u00a0i\u00a0dr.Mladi\u00a0koji\u00a0su\u00a0sudjelovali\u00a0u\u00a0edukaciji\u00a0prenositi\u00a0\u0107e\u00a0znanja\u00a0i\u00a0vje\u0161tine\u00a0me\u0111u\u00a0svojim\u00a0vr\u0161njacima\u00a0i\u00a0tako\u00a0postati\u00a0promotori\u00a0i\u00a0edukatori\u00a0humanosti\u00a0i\u00a0pravednosti,\u00a0a\u00a0isto\u00a0tako\u00a0provoditi\u00a0\u0107e\u00a0i\u00a0odre\u0111ene\u00a0aktivnosti\u00a0i\u00a0akcije\u00a0u\u00a0svojoj \u0161koli\u00a0koje\u00a0\u0107e\u00a0oni\u00a0sami\u00a0odabrati,\u00a0na\u00a0teme\u00a0kvalitetnih\u00a0partnerskih\u00a0veza\u00a0me\u0111u\u00a0mladima\u00a0i\u00a0prevencije\u00a0nasilja\u00a0u\u00a0vezama\u00a0te\u00a0druge\u00a0aktivnosti\u00a0koje\u00a0doprinose\u00a0nultoj\u00a0toleranciji\u00a0na\u00a0nasilje.Edukacija\u00a0je\u00a0dio\u00a0aktivnosti\u00a0projekta\u00a0Za\u00a0veze\u00a0BEZ\u00a0NASILJA!\u00a0kojeg\u00a0provodi\u00a0Udruga\u00a0&#8220;HERA&#8221;\u00a0Kri\u017eevci\u00a0u\u00a0partnerstvu\u00a0sa\u00a0Srednjom\u00a0\u0161kolom\u00a0Koprivnica,\u00a0Srednjom\u00a0\u0161kolom\u00a0\u010cazma\u00a0i\u00a0Strukovnom\u00a0\u0161kolom\u00a0\u0110ur\u0111evac\u00a0uz\u00a0financijsku\u00a0podr\u0161ku\u00a0Ministarstva\u00a0znanosti,\u00a0obrazovanja\u00a0i\u00a0mladih.Nakon\u00a0Srednje\u00a0\u0161kole\u00a0Koprivnica\u00a0provesti\u00a0\u0107e\u00a0se\u00a0i\u00a0edukacija\u00a0vr\u0161nja\u010dkih\u00a0edukatora\u00a0Srednje\u00a0strukovne\u00a0\u0161kole\u00a0\u0110ur\u0111evac\u00a0te\u00a0Srednje\u00a0\u0161kole\u00a0\u010cazma.<\/p><a href=\"https:\/\/udruga-hera.info\/?p=2677\" class=\"eael-post-elements-readmore-btn\">Pro\u010ditajte \u010dlanak<\/a><\/div>\n                            <\/div><div class=\"eael-entry-header-after style-two\"><div class=\"eael-entry-meta\"><span class=\"eael-meta-posted-on\"><i class=\"far fa-clock\"><\/i><time datetime=\"27 velja\u010de, 2026\">27 velja\u010de, 2026<\/time><\/span><\/div><\/div><\/div><\/div>\n    <\/div>\n<\/article><article class=\"eael-grid-post  eael-post-grid-column eael-pg-post-2676 category-vijesti\" data-id=\"2676\">\n    <div class=\"eael-grid-post-holder\">\n        <div class=\"eael-grid-post-holder-inner\"><div class=\"eael-entry-wrapper\"><header class=\"eael-entry-header\"><h2 class=\"eael-entry-title\"><a class=\"eael-grid-post-link\" href=\"https:\/\/udruga-hera.info\/?p=2676\" title=\"Sudjelovanje\u00a0na\u00a0intervizijskom\u00a0i\u00a0partnerskom\u00a0sastanku\u00a0programa\u00a0Mre\u017ee\u00a0podr\u0161ke\u00a0i\u00a0suradnje\">Sudjelovanje\u00a0na\u00a0intervizijskom\u00a0i\u00a0partnerskom\u00a0sastanku\u00a0programa\u00a0Mre\u017ee\u00a0podr\u0161ke\u00a0i\u00a0suradnje<\/a><\/h2><\/header><div class=\"eael-entry-content\">\n                                <div class=\"eael-grid-post-excerpt\"><p>Vijesti Sudjelovanje\u00a0na\u00a0intervizijskom\u00a0i\u00a0partnerskom\u00a0sastanku\u00a0programa\u00a0Mre\u017ee\u00a0podr\u0161ke\u00a0i\u00a0suradnje Dana 23. i 24.2. 2026. sudjelovale smo na...<\/p><a href=\"https:\/\/udruga-hera.info\/?p=2676\" class=\"eael-post-elements-readmore-btn\">Pro\u010ditajte \u010dlanak<\/a><\/div>\n                            <\/div><div class=\"eael-entry-header-after style-two\"><div class=\"eael-entry-meta\"><span class=\"eael-meta-posted-on\"><i class=\"far fa-clock\"><\/i><time datetime=\"27 velja\u010de, 2026\">27 velja\u010de, 2026<\/time><\/span><\/div><\/div><\/div><\/div>\n    <\/div>\n<\/article><article class=\"eael-grid-post  eael-post-grid-column eael-pg-post-2675 category-vijesti\" data-id=\"2675\">\n    <div class=\"eael-grid-post-holder\">\n        <div class=\"eael-grid-post-holder-inner\"><div class=\"eael-entry-wrapper\"><header class=\"eael-entry-header\"><h2 class=\"eael-entry-title\"><a class=\"eael-grid-post-link\" href=\"https:\/\/udruga-hera.info\/?p=2675\" title=\"Javnim\u00a0akcijama\u00a0obilje\u017een\u00a0Europski\u00a0dan\u00a0\u017ertava\u00a0kaznenih\u00a0djela\">Javnim\u00a0akcijama\u00a0obilje\u017een\u00a0Europski\u00a0dan\u00a0\u017ertava\u00a0kaznenih\u00a0djela<\/a><\/h2><\/header><div class=\"eael-entry-content\">\n                                <div class=\"eael-grid-post-excerpt\"><p>Vijesti Javnim\u00a0akcijama\u00a0obilje\u017een\u00a0Europski\u00a0dan\u00a0\u017ertava\u00a0kaznenih\u00a0djela Europski dan za\u0161tite \u017ertava kaznenih djela obilje\u017eava se...<\/p><a href=\"https:\/\/udruga-hera.info\/?p=2675\" class=\"eael-post-elements-readmore-btn\">Pro\u010ditajte \u010dlanak<\/a><\/div>\n                            <\/div><div class=\"eael-entry-header-after style-two\"><div class=\"eael-entry-meta\"><span class=\"eael-meta-posted-on\"><i class=\"far fa-clock\"><\/i><time datetime=\"27 velja\u010de, 2026\">27 velja\u010de, 2026<\/time><\/span><\/div><\/div><\/div><\/div>\n    <\/div>\n<\/article><article class=\"eael-grid-post  eael-post-grid-column eael-pg-post-2669 category-vijesti\" data-id=\"2669\">\n    <div class=\"eael-grid-post-holder\">\n        <div class=\"eael-grid-post-holder-inner\"><div class=\"eael-entry-wrapper\"><header class=\"eael-entry-header\"><h2 class=\"eael-entry-title\"><a class=\"eael-grid-post-link\" href=\"https:\/\/udruga-hera.info\/?p=2669\" title=\"Priop\u0107enje za medije &#8211; Europski\u00a0dan\u00a0\u017ertava\u00a0kaznenih\u00a0djela\u00a0\u2013\u00a022.\u00a0velja\u010de\u00a02026.\">Priop\u0107enje za medije &#8211; Europski\u00a0dan\u00a0\u017ertava\u00a0kaznenih\u00a0djela\u00a0\u2013\u00a022.\u00a0velja\u010de\u00a02026.<\/a><\/h2><\/header><div class=\"eael-entry-content\">\n                                <div class=\"eael-grid-post-excerpt\"><p>Vijesti Priop\u0107enje za medije &#8211; Europski\u00a0dan\u00a0\u017ertava\u00a0kaznenih\u00a0djela\u00a0\u2013\u00a022.\u00a0velja\u010de\u00a02026. U nedjelju, 22. velja\u010de...<\/p><a href=\"https:\/\/udruga-hera.info\/?p=2669\" class=\"eael-post-elements-readmore-btn\">Pro\u010ditajte \u010dlanak<\/a><\/div>\n                            <\/div><div class=\"eael-entry-header-after style-two\"><div class=\"eael-entry-meta\"><span class=\"eael-meta-posted-on\"><i class=\"far fa-clock\"><\/i><time datetime=\"23 velja\u010de, 2026\">23 velja\u010de, 2026<\/time><\/span><\/div><\/div><\/div><\/div>\n    <\/div>\n<\/article><\/div>\n            <div class=\"clearfix\"><\/div>\n        <\/div>            <div class=\"eael-load-more-button-wrap\">\n                <button class=\"eael-load-more-button\" id=\"eael-load-more-btn-82f0743\" data-widget-id=\"82f0743\" data-widget=\"82f0743\" data-page-id=\"16\" data-template=\"{&quot;dir&quot;:&quot;lite&quot;,&quot;file_name&quot;:&quot;two.php&quot;,&quot;name&quot;:&quot;Post-Grid&quot;}\" data-class=\"Essential_Addons_Elementor\\Elements\\Post_Grid\" data-layout=\"grid\" data-page=\"1\" data-args=\"orderby=date&amp;order=desc&amp;ignore_sticky_posts=1&amp;post_status=publish&amp;posts_per_page=6&amp;offset=0&amp;post_type=post&amp;tax_query%5B0%5D%5Btaxonomy%5D=category&amp;tax_query%5B0%5D%5Bfield%5D=term_id&amp;tax_query%5B0%5D%5Bterms%5D%5B0%5D=7&amp;tax_query%5Brelation%5D=AND&amp;author__in%5B0%5D=1\" data-max-page=\"59\">\n                    <span class=\"eael-btn-loader button__loader\"><\/span>\n                    <span class=\"eael_load_more_text\">Prika\u017ei vi\u0161e<\/span>\n                <\/button>\n            <\/div>\n            \t\t\t\t<\/div>\n\t\t\t\t<\/div>\n\t\t\t\t\t<\/div>\n\t\t<\/div>\n\t\t\t\t\t<\/div>\n\t\t<\/section>\n\t\t\t\t<section class=\"ob-is-breaking-bad elementor-section elementor-top-section elementor-element elementor-element-d93a5e7 elementor-section-boxed elementor-section-height-default elementor-section-height-default\" data-id=\"d93a5e7\" data-element_type=\"section\" data-e-type=\"section\" data-settings=\"{&quot;background_background&quot;:&quot;classic&quot;,&quot;_ob_bbad_use_it&quot;:&quot;yes&quot;,&quot;_ob_bbad_sssic_use&quot;:&quot;no&quot;,&quot;_ob_glider_is_slider&quot;:&quot;no&quot;}\">\n\t\t\t\t\t\t\t<div class=\"elementor-background-overlay\"><\/div>\n\t\t\t\t\t\t\t<div class=\"elementor-container elementor-column-gap-no\">\n\t\t\t\t\t<div class=\"elementor-column elementor-col-100 elementor-top-column elementor-element elementor-element-50d78970\" data-id=\"50d78970\" data-element_type=\"column\" data-e-type=\"column\" data-settings=\"{&quot;_ob_bbad_is_stalker&quot;:&quot;no&quot;,&quot;_ob_teleporter_use&quot;:false,&quot;_ob_column_hoveranimator&quot;:&quot;no&quot;,&quot;_ob_column_has_pseudo&quot;:&quot;no&quot;}\">\n\t\t\t<div class=\"elementor-widget-wrap elementor-element-populated\">\n\t\t\t\t\t\t<div class=\"elementor-element elementor-element-1e867065 ob-harakiri-inherit ob-has-background-overlay elementor-widget elementor-widget-heading\" data-id=\"1e867065\" data-element_type=\"widget\" data-e-type=\"widget\" data-settings=\"{&quot;_ob_use_harakiri&quot;:&quot;yes&quot;,&quot;_ob_harakiri_writing_mode&quot;:&quot;inherit&quot;,&quot;_ob_harakiri_text_clip&quot;:&quot;none&quot;,&quot;_ob_perspektive_use&quot;:&quot;no&quot;,&quot;_ob_poopart_use&quot;:&quot;yes&quot;,&quot;_ob_shadough_use&quot;:&quot;no&quot;,&quot;_ob_allow_hoveranimator&quot;:&quot;no&quot;,&quot;_ob_widget_stalker_use&quot;:&quot;no&quot;}\" data-widget_type=\"heading.default\">\n\t\t\t\t<div class=\"elementor-widget-container\">\n\t\t\t\t\t<h6 class=\"elementor-heading-title elementor-size-default\">podr\u017eite rad udruge<\/h6>\t\t\t\t<\/div>\n\t\t\t\t<\/div>\n\t\t\t\t<div class=\"elementor-element elementor-element-19bb4fe5 ob-harakiri-inherit ob-has-background-overlay elementor-widget elementor-widget-heading\" data-id=\"19bb4fe5\" data-element_type=\"widget\" data-e-type=\"widget\" data-settings=\"{&quot;_ob_use_harakiri&quot;:&quot;yes&quot;,&quot;_ob_harakiri_writing_mode&quot;:&quot;inherit&quot;,&quot;_ob_harakiri_text_clip&quot;:&quot;none&quot;,&quot;_ob_perspektive_use&quot;:&quot;no&quot;,&quot;_ob_poopart_use&quot;:&quot;yes&quot;,&quot;_ob_shadough_use&quot;:&quot;no&quot;,&quot;_ob_allow_hoveranimator&quot;:&quot;no&quot;,&quot;_ob_widget_stalker_use&quot;:&quot;no&quot;}\" data-widget_type=\"heading.default\">\n\t\t\t\t<div class=\"elementor-widget-container\">\n\t\t\t\t\t<h2 class=\"elementor-heading-title elementor-size-default\">Prepoznali ste rad na\u0161e Udruge i \u017eelite donirati odre\u0111ena financijska sredstva ili opremu kako bi na\u0161 rad bio \u0161to uspje\u0161niji?<\/h2>\t\t\t\t<\/div>\n\t\t\t\t<\/div>\n\t\t\t\t<div class=\"elementor-element elementor-element-5f9baeff elementor-align-center ob-has-background-overlay elementor-widget elementor-widget-button\" data-id=\"5f9baeff\" data-element_type=\"widget\" data-e-type=\"widget\" data-settings=\"{&quot;_ob_butterbutton_use_it&quot;:&quot;no&quot;,&quot;_ob_perspektive_use&quot;:&quot;no&quot;,&quot;_ob_poopart_use&quot;:&quot;yes&quot;,&quot;_ob_shadough_use&quot;:&quot;no&quot;,&quot;_ob_allow_hoveranimator&quot;:&quot;no&quot;,&quot;_ob_widget_stalker_use&quot;:&quot;no&quot;}\" data-widget_type=\"button.default\">\n\t\t\t\t<div class=\"elementor-widget-container\">\n\t\t\t\t\t\t\t\t\t<div class=\"elementor-button-wrapper\">\n\t\t\t\t\t<a class=\"elementor-button elementor-button-link elementor-size-sm\" href=\"https:\/\/udruga-hera.infodoniranje-sredstava\/\">\n\t\t\t\t\t\t<span class=\"elementor-button-content-wrapper\">\n\t\t\t\t\t\t\t\t\t<span class=\"elementor-button-text\">donirajte<\/span>\n\t\t\t\t\t<\/span>\n\t\t\t\t\t<\/a>\n\t\t\t\t<\/div>\n\t\t\t\t\t\t\t\t<\/div>\n\t\t\t\t<\/div>\n\t\t\t\t\t<\/div>\n\t\t<\/div>\n\t\t\t\t\t<\/div>\n\t\t<\/section>\n\t\t\t\t<\/div>\n\t\t","protected":false},"excerpt":{"rendered":"<p>Pro\u010ditajte na\u0161e najnovije VIJESTI Javna akcija povodom kampanje 16.dana aktivizma borbe protiv nasilja Vijesti Javna akcija povodom kampanje 16.dana aktivizma borbe protiv nasilja&#8230; Pro\u010ditajte \u010dlanak November 27, 2025 Rezultati online istra\u017eivanja nasilja nad \u017eenama u Koprivni\u010dko-kri\u017eeva\u010dkoj \u017eupaniji Vijesti Rezultati online istra\u017eivanja nasilja nad \u017eenama u Koprivni\u010dko-kri\u017eeva\u010dkoj \u017eupaniji&#8230; Pro\u010ditajte \u010dlanak November 25, 2025 Sudjelovanje na sastanku [&hellip;]<\/p>\n","protected":false},"author":1,"featured_media":0,"parent":0,"menu_order":0,"comment_status":"closed","ping_status":"closed","template":"","meta":{"site-sidebar-layout":"no-sidebar","site-content-layout":"page-builder","ast-site-content-layout":"default","site-content-style":"default","site-sidebar-style":"default","ast-global-header-display":"","ast-banner-title-visibility":"","ast-main-header-display":"","ast-hfb-above-header-display":"","ast-hfb-below-header-display":"","ast-hfb-mobile-header-display":"","site-post-title":"disabled","ast-breadcrumbs-content":"disabled","ast-featured-img":"disabled","footer-sml-layout":"","ast-disable-related-posts":"","theme-transparent-header-meta":"enabled","adv-header-id-meta":"","stick-header-meta":"","header-above-stick-meta":"","header-main-stick-meta":"","header-below-stick-meta":"","astra-migrate-meta-layouts":"default","ast-page-background-enabled":"default","ast-page-background-meta":{"desktop":{"background-color":"","background-image":"","background-repeat":"repeat","background-position":"center center","background-size":"auto","background-attachment":"scroll","background-type":"","background-media":"","overlay-type":"","overlay-color":"","overlay-opacity":"","overlay-gradient":""},"tablet":{"background-color":"","background-image":"","background-repeat":"repeat","background-position":"center center","background-size":"auto","background-attachment":"scroll","background-type":"","background-media":"","overlay-type":"","overlay-color":"","overlay-opacity":"","overlay-gradient":""},"mobile":{"background-color":"","background-image":"","background-repeat":"repeat","background-position":"center center","background-size":"auto","background-attachment":"scroll","background-type":"","background-media":"","overlay-type":"","overlay-color":"","overlay-opacity":"","overlay-gradient":""}},"ast-content-background-meta":{"desktop":{"background-color":"var(--ast-global-color-5)","background-image":"","background-repeat":"repeat","background-position":"center center","background-size":"auto","background-attachment":"scroll","background-type":"","background-media":"","overlay-type":"","overlay-color":"","overlay-opacity":"","overlay-gradient":""},"tablet":{"background-color":"var(--ast-global-color-5)","background-image":"","background-repeat":"repeat","background-position":"center center","background-size":"auto","background-attachment":"scroll","background-type":"","background-media":"","overlay-type":"","overlay-color":"","overlay-opacity":"","overlay-gradient":""},"mobile":{"background-color":"var(--ast-global-color-5)","background-image":"","background-repeat":"repeat","background-position":"center center","background-size":"auto","background-attachment":"scroll","background-type":"","background-media":"","overlay-type":"","overlay-color":"","overlay-opacity":"","overlay-gradient":""}},"footnotes":""},"class_list":["post-16","page","type-page","status-publish","hentry"],"_links":{"self":[{"href":"https:\/\/udruga-hera.info\/index.php?rest_route=\/wp\/v2\/pages\/16","targetHints":{"allow":["GET"]}}],"collection":[{"href":"https:\/\/udruga-hera.info\/index.php?rest_route=\/wp\/v2\/pages"}],"about":[{"href":"https:\/\/udruga-hera.info\/index.php?rest_route=\/wp\/v2\/types\/page"}],"author":[{"embeddable":true,"href":"https:\/\/udruga-hera.info\/index.php?rest_route=\/wp\/v2\/users\/1"}],"replies":[{"embeddable":true,"href":"https:\/\/udruga-hera.info\/index.php?rest_route=%2Fwp%2Fv2%2Fcomments&post=16"}],"version-history":[{"count":26,"href":"https:\/\/udruga-hera.info\/index.php?rest_route=\/wp\/v2\/pages\/16\/revisions"}],"predecessor-version":[{"id":2590,"href":"https:\/\/udruga-hera.info\/index.php?rest_route=\/wp\/v2\/pages\/16\/revisions\/2590"}],"wp:attachment":[{"href":"https:\/\/udruga-hera.info\/index.php?rest_route=%2Fwp%2Fv2%2Fmedia&parent=16"}],"curies":[{"name":"wp","href":"https:\/\/api.w.org\/{rel}","templated":true}]}}